{"id":257488,"date":"2023-07-04T21:23:23","date_gmt":"2023-07-04T19:23:23","guid":{"rendered":"https:\/\/recoref.de\/?page_id=257488"},"modified":"2023-07-05T08:53:24","modified_gmt":"2023-07-05T06:53:24","slug":"jetzt-bewerten","status":"publish","type":"page","link":"https:\/\/recoref.de\/en\/jetzt-bewerten\/","title":{"rendered":"Bewerten"},"content":{"rendered":"<p>[et_pb_section fb_built=&#8221;1&#8243; _builder_version=&#8221;4.21.0&#8243; _module_preset=&#8221;default&#8221; global_colors_info=&#8221;{}&#8221;][et_pb_row _builder_version=&#8221;4.21.0&#8243; _module_preset=&#8221;default&#8221; global_colors_info=&#8221;{}&#8221;][et_pb_column type=&#8221;4_4&#8243; _builder_version=&#8221;4.21.0&#8243; _module_preset=&#8221;default&#8221; global_colors_info=&#8221;{}&#8221;][et_pb_text _builder_version=&#8221;4.21.0&#8243; _module_preset=&#8221;default&#8221; header_2_font=&#8221;|700||on|||||&#8221; header_2_text_align=&#8221;left&#8221; header_2_text_color=&#8221;#454545&#8243; header_2_font_size=&#8221;46px&#8221; header_2_line_height=&#8221;1.2em&#8221; custom_margin=&#8221;0px||18px||false|false&#8221; custom_padding=&#8221;0px||0px||false|false&#8221; header_2_font_size_tablet=&#8221;46px&#8221; header_2_font_size_phone=&#8221;30px&#8221; header_2_font_size_last_edited=&#8221;on|phone&#8221; global_colors_info=&#8221;{}&#8221;]<\/p>\n<h2 style=\"text-align: center;\">Unser Projektassistent<\/h2>\n<p>[\/et_pb_text][\/et_pb_column][\/et_pb_row][et_pb_row _builder_version=&#8221;4.21.0&#8243; _module_preset=&#8221;default&#8221; custom_padding=&#8221;23px|23px|23px|23px|true|true&#8221; border_radii=&#8221;on|6px|6px|6px|6px&#8221; box_shadow_style=&#8221;preset1&#8243; global_colors_info=&#8221;{}&#8221;][et_pb_column type=&#8221;4_4&#8243; _builder_version=&#8221;4.21.0&#8243; _module_preset=&#8221;default&#8221; global_colors_info=&#8221;{}&#8221;][et_pb_contact_form success_message=&#8221;Vielen Dank f\u00fcr Ihre Einsendung!&#8221; _builder_version=&#8221;4.21.0&#8243; _module_preset=&#8221;default&#8221; _unique_id=&#8221;874b6aab-0a31-4b7a-b2b2-ab7025fcabed&#8221; custom_button=&#8221;on&#8221; button_text_size=&#8221;17px&#8221; button_text_color=&#8221;#FFFFFF&#8221; button_bg_color=&#8221;#97a824&#8243; button_font=&#8221;|||on|||||&#8221; global_colors_info=&#8221;{}&#8221;][et_pb_contact_field field_id=&#8221;Name&#8221; field_title=&#8221;Name&#8221; _builder_version=&#8221;4.21.0&#8243; global_colors_info=&#8221;{}&#8221; button_text_size__hover_enabled=&#8221;off&#8221; button_one_text_size__hover_enabled=&#8221;off&#8221; button_two_text_size__hover_enabled=&#8221;off&#8221; button_text_color__hover_enabled=&#8221;off&#8221; button_one_text_color__hover_enabled=&#8221;off&#8221; button_two_text_color__hover_enabled=&#8221;off&#8221; button_border_width__hover_enabled=&#8221;off&#8221; button_one_border_width__hover_enabled=&#8221;off&#8221; button_two_border_width__hover_enabled=&#8221;off&#8221; button_border_color__hover_enabled=&#8221;off&#8221; button_one_border_color__hover_enabled=&#8221;off&#8221; button_two_border_color__hover_enabled=&#8221;off&#8221; button_border_radius__hover_enabled=&#8221;off&#8221; button_one_border_radius__hover_enabled=&#8221;off&#8221; button_two_border_radius__hover_enabled=&#8221;off&#8221; button_letter_spacing__hover_enabled=&#8221;off&#8221; button_one_letter_spacing__hover_enabled=&#8221;off&#8221; button_two_letter_spacing__hover_enabled=&#8221;off&#8221; button_bg_color__hover_enabled=&#8221;off&#8221; button_one_bg_color__hover_enabled=&#8221;off&#8221; button_two_bg_color__hover_enabled=&#8221;off&#8221;][\/et_pb_contact_field][et_pb_contact_field field_id=&#8221;Position&#8221; field_title=&#8221;Position&#8221; _builder_version=&#8221;4.21.0&#8243; global_colors_info=&#8221;{}&#8221; button_text_size__hover_enabled=&#8221;off&#8221; button_one_text_size__hover_enabled=&#8221;off&#8221; button_two_text_size__hover_enabled=&#8221;off&#8221; button_text_color__hover_enabled=&#8221;off&#8221; button_one_text_color__hover_enabled=&#8221;off&#8221; button_two_text_color__hover_enabled=&#8221;off&#8221; button_border_width__hover_enabled=&#8221;off&#8221; button_one_border_width__hover_enabled=&#8221;off&#8221; button_two_border_width__hover_enabled=&#8221;off&#8221; button_border_color__hover_enabled=&#8221;off&#8221; button_one_border_color__hover_enabled=&#8221;off&#8221; button_two_border_color__hover_enabled=&#8221;off&#8221; button_border_radius__hover_enabled=&#8221;off&#8221; button_one_border_radius__hover_enabled=&#8221;off&#8221; button_two_border_radius__hover_enabled=&#8221;off&#8221; button_letter_spacing__hover_enabled=&#8221;off&#8221; button_one_letter_spacing__hover_enabled=&#8221;off&#8221; button_two_letter_spacing__hover_enabled=&#8221;off&#8221; button_bg_color__hover_enabled=&#8221;off&#8221; button_one_bg_color__hover_enabled=&#8221;off&#8221; button_two_bg_color__hover_enabled=&#8221;off&#8221;][\/et_pb_contact_field][et_pb_contact_field field_id=&#8221;Email&#8221; field_title=&#8221;E-Mail-Adresse&#8221; field_type=&#8221;email&#8221; _builder_version=&#8221;4.16&#8243; global_colors_info=&#8221;{}&#8221; button_text_size__hover_enabled=&#8221;off&#8221; button_one_text_size__hover_enabled=&#8221;off&#8221; button_two_text_size__hover_enabled=&#8221;off&#8221; button_text_color__hover_enabled=&#8221;off&#8221; button_one_text_color__hover_enabled=&#8221;off&#8221; button_two_text_color__hover_enabled=&#8221;off&#8221; button_border_width__hover_enabled=&#8221;off&#8221; button_one_border_width__hover_enabled=&#8221;off&#8221; button_two_border_width__hover_enabled=&#8221;off&#8221; button_border_color__hover_enabled=&#8221;off&#8221; button_one_border_color__hover_enabled=&#8221;off&#8221; button_two_border_color__hover_enabled=&#8221;off&#8221; button_border_radius__hover_enabled=&#8221;off&#8221; button_one_border_radius__hover_enabled=&#8221;off&#8221; button_two_border_radius__hover_enabled=&#8221;off&#8221; button_letter_spacing__hover_enabled=&#8221;off&#8221; button_one_letter_spacing__hover_enabled=&#8221;off&#8221; button_two_letter_spacing__hover_enabled=&#8221;off&#8221; button_bg_color__hover_enabled=&#8221;off&#8221; button_one_bg_color__hover_enabled=&#8221;off&#8221; button_two_bg_color__hover_enabled=&#8221;off&#8221;][\/et_pb_contact_field][et_pb_contact_field field_id=&#8221;Unternehmen&#8221; field_title=&#8221;Unternehmen&#8221; _builder_version=&#8221;4.21.0&#8243; global_colors_info=&#8221;{}&#8221; button_text_size__hover_enabled=&#8221;off&#8221; button_one_text_size__hover_enabled=&#8221;off&#8221; button_two_text_size__hover_enabled=&#8221;off&#8221; button_text_color__hover_enabled=&#8221;off&#8221; button_one_text_color__hover_enabled=&#8221;off&#8221; button_two_text_color__hover_enabled=&#8221;off&#8221; button_border_width__hover_enabled=&#8221;off&#8221; button_one_border_width__hover_enabled=&#8221;off&#8221; button_two_border_width__hover_enabled=&#8221;off&#8221; button_border_color__hover_enabled=&#8221;off&#8221; button_one_border_color__hover_enabled=&#8221;off&#8221; button_two_border_color__hover_enabled=&#8221;off&#8221; button_border_radius__hover_enabled=&#8221;off&#8221; button_one_border_radius__hover_enabled=&#8221;off&#8221; button_two_border_radius__hover_enabled=&#8221;off&#8221; button_letter_spacing__hover_enabled=&#8221;off&#8221; button_one_letter_spacing__hover_enabled=&#8221;off&#8221; button_two_letter_spacing__hover_enabled=&#8221;off&#8221; button_bg_color__hover_enabled=&#8221;off&#8221; button_one_bg_color__hover_enabled=&#8221;off&#8221; button_two_bg_color__hover_enabled=&#8221;off&#8221;][\/et_pb_contact_field][et_pb_contact_field field_id=&#8221;Bewertung&#8221; field_title=&#8221;Platz f\u00fcr Ihre Bewertung&#8230;&#8221; field_type=&#8221;text&#8221; fullwidth_field=&#8221;on&#8221; _builder_version=&#8221;4.21.0&#8243; _module_preset=&#8221;default&#8221; global_colors_info=&#8221;{}&#8221;][\/et_pb_contact_field][et_pb_contact_field field_id=&#8221;Field_7&#8243; field_title=&#8221;Datenschutzhinweis&#8221; field_type=&#8221;checkbox&#8221; checkbox_options=&#8221;%91{%22value%22:%22Hiermit erkl\u00e4re ich mich mit der Datenschutzerkl\u00e4rung einverstanden.%22,%22checked%22:0,%22dragID%22:-1}%93&#8243; fullwidth_field=&#8221;on&#8221; _builder_version=&#8221;4.21.0&#8243; _module_preset=&#8221;default&#8221; global_colors_info=&#8221;{}&#8221;][\/et_pb_contact_field][\/et_pb_contact_form][\/et_pb_column][\/et_pb_row][et_pb_row _builder_version=&#8221;4.21.0&#8243; _module_preset=&#8221;default&#8221; global_colors_info=&#8221;{}&#8221;][et_pb_column type=&#8221;4_4&#8243; _builder_version=&#8221;4.21.0&#8243; _module_preset=&#8221;default&#8221; global_colors_info=&#8221;{}&#8221;][et_pb_text _builder_version=&#8221;4.21.0&#8243; _module_preset=&#8221;default&#8221; header_2_font=&#8221;|700|||||||&#8221; header_2_text_align=&#8221;left&#8221; header_2_text_color=&#8221;#454545&#8243; header_2_font_size=&#8221;30px&#8221; header_2_line_height=&#8221;1.2em&#8221; custom_margin=&#8221;44px||18px||false|false&#8221; custom_padding=&#8221;0px||0px||false|false&#8221; header_2_font_size_tablet=&#8221;46px&#8221; header_2_font_size_phone=&#8221;30px&#8221; header_2_font_size_last_edited=&#8221;on|phone&#8221; global_colors_info=&#8221;{}&#8221;]<\/p>\n<h2 style=\"text-align: center;\">Bedienen Sie sich gerne von diesen Beispielen:<\/h2>\n<p>[\/et_pb_text][\/et_pb_column][\/et_pb_row][et_pb_row column_structure=&#8221;1_3,1_3,1_3&#8243; _builder_version=&#8221;4.21.0&#8243; _module_preset=&#8221;default&#8221; global_colors_info=&#8221;{}&#8221;][et_pb_column type=&#8221;1_3&#8243; _builder_version=&#8221;4.21.0&#8243; _module_preset=&#8221;default&#8221; global_colors_info=&#8221;{}&#8221;][et_pb_text _builder_version=&#8221;4.21.0&#8243; _module_preset=&#8221;default&#8221; global_colors_info=&#8221;{}&#8221;]<\/p>\n<p>Wir sind sehr zufrieden mit den Dienstleistungen von Recoref. Unsere Abfallentsorgung wurde von Anfang an effizient und zuverl\u00e4ssig abgewickelt. Dabei liefert Recoref \u00fcber den gesamten Wertsch\u00f6pfungsprozess ein nachhaltiges Konzept.\u00a0 Wir k\u00f6nnen Recoref jedem Unternehmen empfehlen, das nach einer verantwortungsbewussten Abfallentsorgungsl\u00f6sung sucht.<\/p>\n<p>[\/et_pb_text][\/et_pb_column][et_pb_column type=&#8221;1_3&#8243; _builder_version=&#8221;4.21.0&#8243; _module_preset=&#8221;default&#8221; global_colors_info=&#8221;{}&#8221;][et_pb_text _builder_version=&#8221;4.21.0&#8243; _module_preset=&#8221;default&#8221; global_colors_info=&#8221;{}&#8221;]<\/p>\n<p><span><span class=\"ui-provider fz b c d e f g h i j k l m n o p q r s t u v w x y z ab ac ae af ag ah ai aj ak\" dir=\"ltr\">Recoref organisiert alles von A-Z, was f\u00fcr das Projekt n\u00f6tig ist. Wir sind rundum zufrieden mit der Zuverl\u00e4ssigkeit und dem Preis-Leistungsverh\u00e4ltnis. Wir bekommen vom Recoref-Team alles aus einer Hand und wissen, dass wir Profiarbeit aus einer Hand bekommen.<\/span><\/span><\/p>\n<p>[\/et_pb_text][\/et_pb_column][et_pb_column type=&#8221;1_3&#8243; _builder_version=&#8221;4.21.0&#8243; _module_preset=&#8221;default&#8221; global_colors_info=&#8221;{}&#8221;][et_pb_text _builder_version=&#8221;4.21.0&#8243; _module_preset=&#8221;default&#8221; global_colors_info=&#8221;{}&#8221;]<\/p>\n<p>Wir haben kurzfristig einen passenden Dienstleister f\u00fcr Abfallmanagement und den Abbruch einer Produktionsanlage gesucht.\u00a0 Hierzu lieferte Recoref schnell das beste Gesmtkonzept ab und konte uns mit dem professionellen Kundenservice von Anfang an \u00fcberzeugen. Insgesamt sind wir auch wirtschaftlich bisher sehr \u00fcberzeugt von Recoref.<\/p>\n<p>[\/et_pb_text][\/et_pb_column][\/et_pb_row][\/et_pb_section]<\/p>\n","protected":false},"excerpt":{"rendered":"<p>Unser ProjektassistentBedienen Sie sich gerne von diesen Beispielen:Wir sind sehr zufrieden mit den Dienstleistungen von Recoref. Unsere Abfallentsorgung wurde von Anfang an effizient und zuverl\u00e4ssig abgewickelt. Dabei liefert Recoref \u00fcber den gesamten Wertsch\u00f6pfungsprozess ein nachhaltiges Konzept.\u00a0 Wir k\u00f6nnen Recoref jedem Unternehmen empfehlen, das nach einer verantwortungsbewussten Abfallentsorgungsl\u00f6sung sucht.Recoref organisiert alles von A-Z, was f\u00fcr das [&hellip;]<\/p>\n","protected":false},"author":1,"featured_media":0,"parent":0,"menu_order":0,"comment_status":"closed","ping_status":"closed","template":"","meta":{"_et_pb_use_builder":"on","_et_pb_old_content":"","_et_gb_content_width":"","footnotes":""},"dipi_cpt_category":[],"class_list":["post-257488","page","type-page","status-publish","hentry"],"yoast_head":"<!-- This site is optimized with the Yoast SEO plugin v27.5 - https:\/\/yoast.com\/product\/yoast-seo-wordpress\/ -->\n<title>Bewerten - Recoref GmbH | Waste Management &amp; Fullservice<\/title>\n<meta name=\"robots\" content=\"noindex, follow, max-snippet:-1, max-image-preview:large, max-video-preview:-1\" \/>\n<meta property=\"og:locale\" content=\"en_GB\" \/>\n<meta property=\"og:type\" content=\"article\" \/>\n<meta property=\"og:title\" content=\"Bewerten - Recoref GmbH | Waste Management &amp; Fullservice\" \/>\n<meta property=\"og:description\" content=\"Unser ProjektassistentBedienen Sie sich gerne von diesen Beispielen:Wir sind sehr zufrieden mit den Dienstleistungen von Recoref. Unsere Abfallentsorgung wurde von Anfang an effizient und zuverl\u00e4ssig abgewickelt. Dabei liefert Recoref \u00fcber den gesamten Wertsch\u00f6pfungsprozess ein nachhaltiges Konzept.\u00a0 Wir k\u00f6nnen Recoref jedem Unternehmen empfehlen, das nach einer verantwortungsbewussten Abfallentsorgungsl\u00f6sung sucht.Recoref organisiert alles von A-Z, was f\u00fcr das [&hellip;]\" \/>\n<meta property=\"og:url\" content=\"https:\/\/wordpressrecoref-2l2opnj170.live-website.com\/jetzt-bewerten\/\" \/>\n<meta property=\"og:site_name\" content=\"Recoref GmbH | Waste Management &amp; Fullservice\" \/>\n<meta property=\"article:modified_time\" content=\"2023-07-05T06:53:24+00:00\" \/>\n<meta name=\"twitter:card\" content=\"summary_large_image\" \/>\n<meta name=\"twitter:label1\" content=\"Estimated reading time\" \/>\n\t<meta name=\"twitter:data1\" content=\"2 minutes\" \/>\n<script type=\"application\/ld+json\" class=\"yoast-schema-graph\">{\"@context\":\"https:\\\/\\\/schema.org\",\"@graph\":[{\"@type\":\"WebPage\",\"@id\":\"https:\\\/\\\/wordpressrecoref-2l2opnj170.live-website.com\\\/jetzt-bewerten\\\/\",\"url\":\"https:\\\/\\\/wordpressrecoref-2l2opnj170.live-website.com\\\/jetzt-bewerten\\\/\",\"name\":\"Bewerten - Recoref GmbH | Waste Management &amp; Fullservice\",\"isPartOf\":{\"@id\":\"https:\\\/\\\/wordpressrecoref-2l2opnj170.live-website.com\\\/#website\"},\"datePublished\":\"2023-07-04T19:23:23+00:00\",\"dateModified\":\"2023-07-05T06:53:24+00:00\",\"breadcrumb\":{\"@id\":\"https:\\\/\\\/wordpressrecoref-2l2opnj170.live-website.com\\\/jetzt-bewerten\\\/#breadcrumb\"},\"inLanguage\":\"en-GB\",\"potentialAction\":[{\"@type\":\"ReadAction\",\"target\":[\"https:\\\/\\\/wordpressrecoref-2l2opnj170.live-website.com\\\/jetzt-bewerten\\\/\"]}]},{\"@type\":\"BreadcrumbList\",\"@id\":\"https:\\\/\\\/wordpressrecoref-2l2opnj170.live-website.com\\\/jetzt-bewerten\\\/#breadcrumb\",\"itemListElement\":[{\"@type\":\"ListItem\",\"position\":1,\"name\":\"Startseite\",\"item\":\"https:\\\/\\\/recoref.de\\\/\"},{\"@type\":\"ListItem\",\"position\":2,\"name\":\"Bewerten\"}]},{\"@type\":\"WebSite\",\"@id\":\"https:\\\/\\\/wordpressrecoref-2l2opnj170.live-website.com\\\/#website\",\"url\":\"https:\\\/\\\/wordpressrecoref-2l2opnj170.live-website.com\\\/\",\"name\":\"Recoref GmbH | Waste Management &amp; Fullservice\",\"description\":\"Recoref GmbH | Waste Management &amp; Fullservice\",\"potentialAction\":[{\"@type\":\"SearchAction\",\"target\":{\"@type\":\"EntryPoint\",\"urlTemplate\":\"https:\\\/\\\/wordpressrecoref-2l2opnj170.live-website.com\\\/?s={search_term_string}\"},\"query-input\":{\"@type\":\"PropertyValueSpecification\",\"valueRequired\":true,\"valueName\":\"search_term_string\"}}],\"inLanguage\":\"en-GB\"}]}<\/script>\n<!-- \/ Yoast SEO plugin. -->","yoast_head_json":{"title":"Bewerten - Recoref GmbH | Waste Management &amp; Fullservice","robots":{"index":"noindex","follow":"follow","max-snippet":"max-snippet:-1","max-image-preview":"max-image-preview:large","max-video-preview":"max-video-preview:-1"},"og_locale":"en_GB","og_type":"article","og_title":"Bewerten - Recoref GmbH | Waste Management &amp; Fullservice","og_description":"Unser ProjektassistentBedienen Sie sich gerne von diesen Beispielen:Wir sind sehr zufrieden mit den Dienstleistungen von Recoref. Unsere Abfallentsorgung wurde von Anfang an effizient und zuverl\u00e4ssig abgewickelt. Dabei liefert Recoref \u00fcber den gesamten Wertsch\u00f6pfungsprozess ein nachhaltiges Konzept.\u00a0 Wir k\u00f6nnen Recoref jedem Unternehmen empfehlen, das nach einer verantwortungsbewussten Abfallentsorgungsl\u00f6sung sucht.Recoref organisiert alles von A-Z, was f\u00fcr das [&hellip;]","og_url":"https:\/\/wordpressrecoref-2l2opnj170.live-website.com\/jetzt-bewerten\/","og_site_name":"Recoref GmbH | Waste Management &amp; Fullservice","article_modified_time":"2023-07-05T06:53:24+00:00","twitter_card":"summary_large_image","twitter_misc":{"Estimated reading time":"2 minutes"},"schema":{"@context":"https:\/\/schema.org","@graph":[{"@type":"WebPage","@id":"https:\/\/wordpressrecoref-2l2opnj170.live-website.com\/jetzt-bewerten\/","url":"https:\/\/wordpressrecoref-2l2opnj170.live-website.com\/jetzt-bewerten\/","name":"Bewerten - Recoref GmbH | Waste Management &amp; Fullservice","isPartOf":{"@id":"https:\/\/wordpressrecoref-2l2opnj170.live-website.com\/#website"},"datePublished":"2023-07-04T19:23:23+00:00","dateModified":"2023-07-05T06:53:24+00:00","breadcrumb":{"@id":"https:\/\/wordpressrecoref-2l2opnj170.live-website.com\/jetzt-bewerten\/#breadcrumb"},"inLanguage":"en-GB","potentialAction":[{"@type":"ReadAction","target":["https:\/\/wordpressrecoref-2l2opnj170.live-website.com\/jetzt-bewerten\/"]}]},{"@type":"BreadcrumbList","@id":"https:\/\/wordpressrecoref-2l2opnj170.live-website.com\/jetzt-bewerten\/#breadcrumb","itemListElement":[{"@type":"ListItem","position":1,"name":"Startseite","item":"https:\/\/recoref.de\/"},{"@type":"ListItem","position":2,"name":"Bewerten"}]},{"@type":"WebSite","@id":"https:\/\/wordpressrecoref-2l2opnj170.live-website.com\/#website","url":"https:\/\/wordpressrecoref-2l2opnj170.live-website.com\/","name":"Recoref GmbH | Waste Management &amp; Fullservice","description":"Recoref GmbH | Waste Management &amp; Fullservice","potentialAction":[{"@type":"SearchAction","target":{"@type":"EntryPoint","urlTemplate":"https:\/\/wordpressrecoref-2l2opnj170.live-website.com\/?s={search_term_string}"},"query-input":{"@type":"PropertyValueSpecification","valueRequired":true,"valueName":"search_term_string"}}],"inLanguage":"en-GB"}]}},"_links":{"self":[{"href":"https:\/\/recoref.de\/en\/wp-json\/wp\/v2\/pages\/257488","targetHints":{"allow":["GET"]}}],"collection":[{"href":"https:\/\/recoref.de\/en\/wp-json\/wp\/v2\/pages"}],"about":[{"href":"https:\/\/recoref.de\/en\/wp-json\/wp\/v2\/types\/page"}],"author":[{"embeddable":true,"href":"https:\/\/recoref.de\/en\/wp-json\/wp\/v2\/users\/1"}],"replies":[{"embeddable":true,"href":"https:\/\/recoref.de\/en\/wp-json\/wp\/v2\/comments?post=257488"}],"version-history":[{"count":0,"href":"https:\/\/recoref.de\/en\/wp-json\/wp\/v2\/pages\/257488\/revisions"}],"wp:attachment":[{"href":"https:\/\/recoref.de\/en\/wp-json\/wp\/v2\/media?parent=257488"}],"wp:term":[{"taxonomy":"dipi_cpt_category","embeddable":true,"href":"https:\/\/recoref.de\/en\/wp-json\/wp\/v2\/dipi_cpt_category?post=257488"}],"curies":[{"name":"wp","href":"https:\/\/api.w.org\/{rel}","templated":true}]}}