{"id":54377,"date":"2023-05-11T11:51:15","date_gmt":"2023-05-11T09:51:15","guid":{"rendered":"https:\/\/recoref.de\/?page_id=54377"},"modified":"2023-05-11T12:02:41","modified_gmt":"2023-05-11T10:02:41","slug":"projektassistent","status":"publish","type":"page","link":"https:\/\/recoref.de\/en\/projektassistent\/","title":{"rendered":"Project assistant"},"content":{"rendered":"<p>[et_pb_section fb_built=&#8221;1&#8243; theme_builder_area=&#8221;post_content&#8221; _builder_version=&#8221;4.21.0&#8243; _module_preset=&#8221;default&#8221;][et_pb_row _builder_version=&#8221;4.21.0&#8243; _module_preset=&#8221;default&#8221; theme_builder_area=&#8221;post_content&#8221;][et_pb_column _builder_version=&#8221;4.21.0&#8243; _module_preset=&#8221;default&#8221; type=&#8221;4_4&#8243; theme_builder_area=&#8221;post_content&#8221;][et_pb_text _builder_version=&#8221;4.21.0&#8243; _module_preset=&#8221;default&#8221; header_2_font=&#8221;|700||on|||||&#8221; header_2_text_align=&#8221;left&#8221; header_2_text_color=&#8221;#454545&#8243; header_2_font_size=&#8221;46px&#8221; header_2_line_height=&#8221;1.2em&#8221; custom_margin=&#8221;0px||18px||false|false&#8221; custom_padding=&#8221;0px||0px||false|false&#8221; hover_enabled=&#8221;0&#8243; header_2_font_size_tablet=&#8221;46px&#8221; header_2_font_size_phone=&#8221;30px&#8221; header_2_font_size_last_edited=&#8221;on|phone&#8221; global_colors_info=&#8221;{}&#8221; theme_builder_area=&#8221;post_content&#8221; sticky_enabled=&#8221;0&#8243;]<\/p>\n<h2 style=\"text-align: center;\">Unser Projektassistent<\/h2>\n<p>[\/et_pb_text][\/et_pb_column][\/et_pb_row][et_pb_row _builder_version=&#8221;4.21.0&#8243; _module_preset=&#8221;default&#8221; theme_builder_area=&#8221;post_content&#8221; box_shadow_style=&#8221;preset1&#8243; border_radii=&#8221;on|6px|6px|6px|6px&#8221; custom_padding=&#8221;23px|23px|23px|23px|true|true&#8221; hover_enabled=&#8221;0&#8243; sticky_enabled=&#8221;0&#8243;][et_pb_column _builder_version=&#8221;4.21.0&#8243; _module_preset=&#8221;default&#8221; type=&#8221;4_4&#8243; theme_builder_area=&#8221;post_content&#8221;][et_pb_contact_form _builder_version=&#8221;4.21.0&#8243; _module_preset=&#8221;default&#8221; _unique_id=&#8221;874b6aab-0a31-4b7a-b2b2-ab7025fcabed&#8221; theme_builder_area=&#8221;post_content&#8221; hover_enabled=&#8221;0&#8243; sticky_enabled=&#8221;0&#8243; success_message=&#8221;Vielen Dank f\u00fcr Ihre Einsendung!&#8221; custom_button=&#8221;on&#8221; button_text_color=&#8221;#FFFFFF&#8221; button_bg_color=&#8221;#97a824&#8243; button_bg_enable_color=&#8221;on&#8221; button_text_size=&#8221;17px&#8221; button_font=&#8221;|||on|||||&#8221;][et_pb_contact_field field_id=&#8221;Name&#8221; field_title=&#8221;Name&#8221; _builder_version=&#8221;4.16&#8243; global_colors_info=&#8221;{}&#8221; button_text_size__hover_enabled=&#8221;off&#8221; button_one_text_size__hover_enabled=&#8221;off&#8221; button_two_text_size__hover_enabled=&#8221;off&#8221; button_text_color__hover_enabled=&#8221;off&#8221; button_one_text_color__hover_enabled=&#8221;off&#8221; button_two_text_color__hover_enabled=&#8221;off&#8221; button_border_width__hover_enabled=&#8221;off&#8221; button_one_border_width__hover_enabled=&#8221;off&#8221; button_two_border_width__hover_enabled=&#8221;off&#8221; button_border_color__hover_enabled=&#8221;off&#8221; button_one_border_color__hover_enabled=&#8221;off&#8221; button_two_border_color__hover_enabled=&#8221;off&#8221; button_border_radius__hover_enabled=&#8221;off&#8221; button_one_border_radius__hover_enabled=&#8221;off&#8221; button_two_border_radius__hover_enabled=&#8221;off&#8221; button_letter_spacing__hover_enabled=&#8221;off&#8221; button_one_letter_spacing__hover_enabled=&#8221;off&#8221; button_two_letter_spacing__hover_enabled=&#8221;off&#8221; button_bg_color__hover_enabled=&#8221;off&#8221; button_one_bg_color__hover_enabled=&#8221;off&#8221; button_two_bg_color__hover_enabled=&#8221;off&#8221; theme_builder_area=&#8221;post_content&#8221;][\/et_pb_contact_field][et_pb_contact_field field_id=&#8221;Email&#8221; field_title=&#8221;E-Mail-Adresse&#8221; field_type=&#8221;email&#8221; _builder_version=&#8221;4.16&#8243; global_colors_info=&#8221;{}&#8221; button_text_size__hover_enabled=&#8221;off&#8221; button_one_text_size__hover_enabled=&#8221;off&#8221; button_two_text_size__hover_enabled=&#8221;off&#8221; button_text_color__hover_enabled=&#8221;off&#8221; button_one_text_color__hover_enabled=&#8221;off&#8221; button_two_text_color__hover_enabled=&#8221;off&#8221; button_border_width__hover_enabled=&#8221;off&#8221; button_one_border_width__hover_enabled=&#8221;off&#8221; button_two_border_width__hover_enabled=&#8221;off&#8221; button_border_color__hover_enabled=&#8221;off&#8221; button_one_border_color__hover_enabled=&#8221;off&#8221; button_two_border_color__hover_enabled=&#8221;off&#8221; button_border_radius__hover_enabled=&#8221;off&#8221; button_one_border_radius__hover_enabled=&#8221;off&#8221; button_two_border_radius__hover_enabled=&#8221;off&#8221; button_letter_spacing__hover_enabled=&#8221;off&#8221; button_one_letter_spacing__hover_enabled=&#8221;off&#8221; button_two_letter_spacing__hover_enabled=&#8221;off&#8221; button_bg_color__hover_enabled=&#8221;off&#8221; button_one_bg_color__hover_enabled=&#8221;off&#8221; button_two_bg_color__hover_enabled=&#8221;off&#8221; theme_builder_area=&#8221;post_content&#8221;][\/et_pb_contact_field][et_pb_contact_field field_id=&#8221;Unternehmen&#8221; field_title=&#8221;Unternehmen&#8221; _builder_version=&#8221;4.21.0&#8243; hover_enabled=&#8221;0&#8243; global_colors_info=&#8221;{}&#8221; button_text_size__hover_enabled=&#8221;off&#8221; button_one_text_size__hover_enabled=&#8221;off&#8221; button_two_text_size__hover_enabled=&#8221;off&#8221; button_text_color__hover_enabled=&#8221;off&#8221; button_one_text_color__hover_enabled=&#8221;off&#8221; button_two_text_color__hover_enabled=&#8221;off&#8221; button_border_width__hover_enabled=&#8221;off&#8221; button_one_border_width__hover_enabled=&#8221;off&#8221; button_two_border_width__hover_enabled=&#8221;off&#8221; button_border_color__hover_enabled=&#8221;off&#8221; button_one_border_color__hover_enabled=&#8221;off&#8221; button_two_border_color__hover_enabled=&#8221;off&#8221; button_border_radius__hover_enabled=&#8221;off&#8221; button_one_border_radius__hover_enabled=&#8221;off&#8221; button_two_border_radius__hover_enabled=&#8221;off&#8221; button_letter_spacing__hover_enabled=&#8221;off&#8221; button_one_letter_spacing__hover_enabled=&#8221;off&#8221; button_two_letter_spacing__hover_enabled=&#8221;off&#8221; button_bg_color__hover_enabled=&#8221;off&#8221; button_one_bg_color__hover_enabled=&#8221;off&#8221; button_two_bg_color__hover_enabled=&#8221;off&#8221; theme_builder_area=&#8221;post_content&#8221; sticky_enabled=&#8221;0&#8243;][\/et_pb_contact_field][et_pb_contact_field field_id=&#8221;Anschrift&#8221; field_title=&#8221;Anschrift&#8221; _builder_version=&#8221;4.21.0&#8243; hover_enabled=&#8221;0&#8243; global_colors_info=&#8221;{}&#8221; button_text_size__hover_enabled=&#8221;off&#8221; button_one_text_size__hover_enabled=&#8221;off&#8221; button_two_text_size__hover_enabled=&#8221;off&#8221; button_text_color__hover_enabled=&#8221;off&#8221; button_one_text_color__hover_enabled=&#8221;off&#8221; button_two_text_color__hover_enabled=&#8221;off&#8221; button_border_width__hover_enabled=&#8221;off&#8221; button_one_border_width__hover_enabled=&#8221;off&#8221; button_two_border_width__hover_enabled=&#8221;off&#8221; button_border_color__hover_enabled=&#8221;off&#8221; button_one_border_color__hover_enabled=&#8221;off&#8221; button_two_border_color__hover_enabled=&#8221;off&#8221; button_border_radius__hover_enabled=&#8221;off&#8221; button_one_border_radius__hover_enabled=&#8221;off&#8221; button_two_border_radius__hover_enabled=&#8221;off&#8221; button_letter_spacing__hover_enabled=&#8221;off&#8221; button_one_letter_spacing__hover_enabled=&#8221;off&#8221; button_two_letter_spacing__hover_enabled=&#8221;off&#8221; button_bg_color__hover_enabled=&#8221;off&#8221; button_one_bg_color__hover_enabled=&#8221;off&#8221; button_two_bg_color__hover_enabled=&#8221;off&#8221; theme_builder_area=&#8221;post_content&#8221; sticky_enabled=&#8221;0&#8243;][\/et_pb_contact_field][et_pb_contact_field fullwidth_field=&#8221;on&#8221; _builder_version=&#8221;4.21.0&#8243; _module_preset=&#8221;default&#8221; theme_builder_area=&#8221;post_content&#8221; field_type=&#8221;radio&#8221; radio_options=&#8221;%91{%22value%22:%22R\u00fcckbau von Glasschmelzwannen%22,%22checked%22:0,%22dragID%22:-1},{%22value%22:%22 Sortierung der einzelnen Feuerfest-Qualit\u00e4ten in verwertbare Sekund\u00e4rrohstoffe%22,%22checked%22:0,%22dragID%22:0},{%22value%22:%22R\u00e4umung von Feuerfest-Steinen aus Altlagerbest\u00e4nden%22,%22checked%22:0,%22dragID%22:1},{%22value%22:%22Entsorgung von Abf\u00e4llen aus Abgasbehandlungsanlagen%22,%22checked%22:0,%22dragID%22:2},{%22value%22:%22Vermarktung sekund\u00e4rer Rohstoffe%22,%22checked%22:0,%22dragID%22:3},{%22value%22:%22Entsorgung aller nicht verwertbarer Materialien auf entsprechenden Deponiest\u00e4tten%22,%22checked%22:0,%22dragID%22:4}%93&#8243; field_title=&#8221;Welche Services m\u00f6chten Sie in Anspruch nehmen?&#8221; hover_enabled=&#8221;0&#8243; sticky_enabled=&#8221;0&#8243; field_id=&#8221;Field_5&#8243;][\/et_pb_contact_field][et_pb_contact_field fullwidth_field=&#8221;on&#8221; _builder_version=&#8221;4.21.0&#8243; _module_preset=&#8221;default&#8221; theme_builder_area=&#8221;post_content&#8221; field_title=&#8221;In welchem Land ist das Projekt durchzuf\u00fchren?&#8221; hover_enabled=&#8221;0&#8243; sticky_enabled=&#8221;0&#8243; field_id=&#8221;Field_6&#8243;][\/et_pb_contact_field][et_pb_contact_field fullwidth_field=&#8221;on&#8221; _builder_version=&#8221;4.21.0&#8243; _module_preset=&#8221;default&#8221; theme_builder_area=&#8221;post_content&#8221; field_type=&#8221;checkbox&#8221; checkbox_options=&#8221;%91{%22value%22:%22Hiermit erkl\u00e4re ich mich mit der Datenschutzerkl\u00e4rung einverstanden.%22,%22checked%22:0,%22dragID%22:-1}%93&#8243; field_title=&#8221;Datenschutzhinweis&#8221; hover_enabled=&#8221;0&#8243; sticky_enabled=&#8221;0&#8243; field_id=&#8221;Field_7&#8243;][\/et_pb_contact_field][\/et_pb_contact_form][\/et_pb_column][\/et_pb_row][\/et_pb_section]<\/p>\n","protected":false},"excerpt":{"rendered":"<p>OUR PROJECT ASSISTANT<\/p>","protected":false},"author":1,"featured_media":0,"parent":0,"menu_order":0,"comment_status":"closed","ping_status":"closed","template":"","meta":{"_et_pb_use_builder":"on","_et_pb_old_content":"","_et_gb_content_width":"","footnotes":""},"dipi_cpt_category":[],"class_list":["post-54377","page","type-page","status-publish","hentry"],"yoast_head":"<!-- This site is optimized with the Yoast SEO plugin v27.5 - https:\/\/yoast.com\/product\/yoast-seo-wordpress\/ -->\n<title>Projektassistent - Recoref GmbH | Waste Management &amp; Fullservice<\/title>\n<meta name=\"robots\" content=\"noindex, follow, max-snippet:-1, max-image-preview:large, max-video-preview:-1\" \/>\n<meta property=\"og:locale\" content=\"en_GB\" \/>\n<meta property=\"og:type\" content=\"article\" \/>\n<meta property=\"og:title\" content=\"Projektassistent - Recoref GmbH | Waste Management &amp; Fullservice\" \/>\n<meta property=\"og:description\" content=\"Unser Projektassistent\" \/>\n<meta property=\"og:url\" content=\"https:\/\/wordpressrecoref-2l2opnj170.live-website.com\/projektassistent\/\" \/>\n<meta property=\"og:site_name\" content=\"Recoref GmbH | Waste Management &amp; Fullservice\" \/>\n<meta property=\"article:modified_time\" content=\"2023-05-11T10:02:41+00:00\" \/>\n<meta name=\"twitter:card\" content=\"summary_large_image\" \/>\n<meta name=\"twitter:label1\" content=\"Estimated reading time\" \/>\n\t<meta name=\"twitter:data1\" content=\"3 minutes\" \/>\n<script type=\"application\/ld+json\" class=\"yoast-schema-graph\">{\"@context\":\"https:\\\/\\\/schema.org\",\"@graph\":[{\"@type\":\"WebPage\",\"@id\":\"https:\\\/\\\/wordpressrecoref-2l2opnj170.live-website.com\\\/projektassistent\\\/\",\"url\":\"https:\\\/\\\/wordpressrecoref-2l2opnj170.live-website.com\\\/projektassistent\\\/\",\"name\":\"Projektassistent - Recoref GmbH | Waste Management &amp; Fullservice\",\"isPartOf\":{\"@id\":\"https:\\\/\\\/wordpressrecoref-2l2opnj170.live-website.com\\\/#website\"},\"datePublished\":\"2023-05-11T09:51:15+00:00\",\"dateModified\":\"2023-05-11T10:02:41+00:00\",\"breadcrumb\":{\"@id\":\"https:\\\/\\\/wordpressrecoref-2l2opnj170.live-website.com\\\/projektassistent\\\/#breadcrumb\"},\"inLanguage\":\"en-GB\",\"potentialAction\":[{\"@type\":\"ReadAction\",\"target\":[\"https:\\\/\\\/wordpressrecoref-2l2opnj170.live-website.com\\\/projektassistent\\\/\"]}]},{\"@type\":\"BreadcrumbList\",\"@id\":\"https:\\\/\\\/wordpressrecoref-2l2opnj170.live-website.com\\\/projektassistent\\\/#breadcrumb\",\"itemListElement\":[{\"@type\":\"ListItem\",\"position\":1,\"name\":\"Startseite\",\"item\":\"https:\\\/\\\/recoref.de\\\/\"},{\"@type\":\"ListItem\",\"position\":2,\"name\":\"Projektassistent\"}]},{\"@type\":\"WebSite\",\"@id\":\"https:\\\/\\\/wordpressrecoref-2l2opnj170.live-website.com\\\/#website\",\"url\":\"https:\\\/\\\/wordpressrecoref-2l2opnj170.live-website.com\\\/\",\"name\":\"Recoref GmbH | Waste Management &amp; Fullservice\",\"description\":\"Recoref GmbH | Waste Management &amp; Fullservice\",\"potentialAction\":[{\"@type\":\"SearchAction\",\"target\":{\"@type\":\"EntryPoint\",\"urlTemplate\":\"https:\\\/\\\/wordpressrecoref-2l2opnj170.live-website.com\\\/?s={search_term_string}\"},\"query-input\":{\"@type\":\"PropertyValueSpecification\",\"valueRequired\":true,\"valueName\":\"search_term_string\"}}],\"inLanguage\":\"en-GB\"}]}<\/script>\n<!-- \/ Yoast SEO plugin. -->","yoast_head_json":{"title":"Projektassistent - Recoref GmbH | Waste Management &amp; Fullservice","robots":{"index":"noindex","follow":"follow","max-snippet":"max-snippet:-1","max-image-preview":"max-image-preview:large","max-video-preview":"max-video-preview:-1"},"og_locale":"en_GB","og_type":"article","og_title":"Projektassistent - Recoref GmbH | Waste Management &amp; Fullservice","og_description":"Unser Projektassistent","og_url":"https:\/\/wordpressrecoref-2l2opnj170.live-website.com\/projektassistent\/","og_site_name":"Recoref GmbH | Waste Management &amp; Fullservice","article_modified_time":"2023-05-11T10:02:41+00:00","twitter_card":"summary_large_image","twitter_misc":{"Estimated reading time":"3 minutes"},"schema":{"@context":"https:\/\/schema.org","@graph":[{"@type":"WebPage","@id":"https:\/\/wordpressrecoref-2l2opnj170.live-website.com\/projektassistent\/","url":"https:\/\/wordpressrecoref-2l2opnj170.live-website.com\/projektassistent\/","name":"Projektassistent - Recoref GmbH | Waste Management &amp; Fullservice","isPartOf":{"@id":"https:\/\/wordpressrecoref-2l2opnj170.live-website.com\/#website"},"datePublished":"2023-05-11T09:51:15+00:00","dateModified":"2023-05-11T10:02:41+00:00","breadcrumb":{"@id":"https:\/\/wordpressrecoref-2l2opnj170.live-website.com\/projektassistent\/#breadcrumb"},"inLanguage":"en-GB","potentialAction":[{"@type":"ReadAction","target":["https:\/\/wordpressrecoref-2l2opnj170.live-website.com\/projektassistent\/"]}]},{"@type":"BreadcrumbList","@id":"https:\/\/wordpressrecoref-2l2opnj170.live-website.com\/projektassistent\/#breadcrumb","itemListElement":[{"@type":"ListItem","position":1,"name":"Startseite","item":"https:\/\/recoref.de\/"},{"@type":"ListItem","position":2,"name":"Projektassistent"}]},{"@type":"WebSite","@id":"https:\/\/wordpressrecoref-2l2opnj170.live-website.com\/#website","url":"https:\/\/wordpressrecoref-2l2opnj170.live-website.com\/","name":"Recoref GmbH | Waste Management &amp; Fullservice","description":"Recoref GmbH | Waste Management &amp; Fullservice","potentialAction":[{"@type":"SearchAction","target":{"@type":"EntryPoint","urlTemplate":"https:\/\/wordpressrecoref-2l2opnj170.live-website.com\/?s={search_term_string}"},"query-input":{"@type":"PropertyValueSpecification","valueRequired":true,"valueName":"search_term_string"}}],"inLanguage":"en-GB"}]}},"_links":{"self":[{"href":"https:\/\/recoref.de\/en\/wp-json\/wp\/v2\/pages\/54377","targetHints":{"allow":["GET"]}}],"collection":[{"href":"https:\/\/recoref.de\/en\/wp-json\/wp\/v2\/pages"}],"about":[{"href":"https:\/\/recoref.de\/en\/wp-json\/wp\/v2\/types\/page"}],"author":[{"embeddable":true,"href":"https:\/\/recoref.de\/en\/wp-json\/wp\/v2\/users\/1"}],"replies":[{"embeddable":true,"href":"https:\/\/recoref.de\/en\/wp-json\/wp\/v2\/comments?post=54377"}],"version-history":[{"count":0,"href":"https:\/\/recoref.de\/en\/wp-json\/wp\/v2\/pages\/54377\/revisions"}],"wp:attachment":[{"href":"https:\/\/recoref.de\/en\/wp-json\/wp\/v2\/media?parent=54377"}],"wp:term":[{"taxonomy":"dipi_cpt_category","embeddable":true,"href":"https:\/\/recoref.de\/en\/wp-json\/wp\/v2\/dipi_cpt_category?post=54377"}],"curies":[{"name":"wp","href":"https:\/\/api.w.org\/{rel}","templated":true}]}}